{"id":5574,"date":"2016-12-03T15:44:41","date_gmt":"2016-12-03T15:44:41","guid":{"rendered":"https:\/\/demo.wpzoom.com\/inspiro\/?page_id=5574"},"modified":"2026-04-12T12:11:43","modified_gmt":"2026-04-12T12:11:43","slug":"surf-trip","status":"publish","type":"page","link":"https:\/\/surfitacare.com\/en\/surf-trip\/","title":{"rendered":"Surf Trip"},"content":{"rendered":"<main class=\"wp-block-group alignfull site-content is-layout-flow wp-block-group-is-layout-flow\" id=\"header\" style=\"margin-top:0\">\n<figure class=\"wp-block-image alignfull size-large\"><img loading=\"lazy\" decoding=\"async\" width=\"1024\" height=\"584\" src=\"https:\/\/surfitacare.com\/wp-content\/uploads\/2025\/09\/WhatsApp-Image-2025-09-30-at-2.12.37-PM-1024x584.jpeg\" alt=\"\" class=\"wp-image-7268\" srcset=\"https:\/\/surfitacare.com\/wp-content\/uploads\/2025\/09\/WhatsApp-Image-2025-09-30-at-2.12.37-PM-1024x584.jpeg 1024w, https:\/\/surfitacare.com\/wp-content\/uploads\/2025\/09\/WhatsApp-Image-2025-09-30-at-2.12.37-PM-300x171.jpeg 300w, https:\/\/surfitacare.com\/wp-content\/uploads\/2025\/09\/WhatsApp-Image-2025-09-30-at-2.12.37-PM-18x10.jpeg 18w, https:\/\/surfitacare.com\/wp-content\/uploads\/2025\/09\/WhatsApp-Image-2025-09-30-at-2.12.37-PM.jpeg 1280w\" sizes=\"auto, (max-width: 1024px) 100vw, 1024px\" \/><\/figure>\n<\/main>\n\n\n\n<div id=\"services\" class=\"wp-block-group pattern_multiple_covers is-vertical is-layout-flex wp-container-core-group-is-layout-f5458bf3 wp-block-group-is-layout-flex\" style=\"padding-right:var(--wp--preset--spacing--small);padding-left:var(--wp--preset--spacing--small)\">\n<h2 class=\"wp-block-heading has-secondary-color has-text-color has-link-color has-large-font-size wp-elements-46ea8acb0f5cc92455e40c84c2fe98bd\">Surf Trip \u2013 All Inclusive!<\/h2>\n\n\n\n<div class=\"wp-block-group has-global-padding is-layout-constrained wp-block-group-is-layout-constrained\">\n<p class=\"has-text-align-left\">From the moment you arrive, every detail is taken care of.\nPrivate transfers, curated excursions, and daily logistics are all included to ensure a completely effortless stay.\nAt Vila Jubarte, a self-sustainable sanctuary nestled in the Atlantic Forest near Engenhoca and Itacarezinho beaches, you will experience:\n\n\u2022\tAuthentic Bahian cuisine. \n\u2022\tWellness activities and massages. \n\u2022\tA deep connection with nature.\n \nYour journey will stay with you \u2014 not only in memory, but also captured in a professionally curated photo and video keepsake.<\/p>\n\n\n\n<p>Your journey will stay with you \u2014 not only in memory, but also captured in a professionally curated photo and video keepsake.\n\nWe offer two distinct Surf Trip experiences, allowing you to choose the rhythm and intensity of your stay.<\/p>\n\n\n\n<div class=\"wp-block-buttons is-content-justification-center is-layout-flex wp-container-core-buttons-is-layout-a89b3969 wp-block-buttons-is-layout-flex\">\n<div class=\"wp-block-button\"><a class=\"wp-block-button__link has-text-align-center wp-element-button\" href=\"https:\/\/surfitacare.com\/en\/surf-packages\/\">Surf Packages<\/a><\/div>\n<\/div>\n<\/div>\n\n\n\n<h2 class=\"wp-block-heading has-secondary-color has-text-color has-link-color has-large-font-size wp-elements-ff6f9505e18fb30aa4d64592f0dfd26d\">Elite Surf Coaching<\/h2>\n\n\n\n<div class=\"wp-block-columns is-layout-flex wp-container-core-columns-is-layout-28f84493 wp-block-columns-is-layout-flex\">\n<div class=\"wp-block-column is-layout-flow wp-block-column-is-layout-flow\" style=\"padding-top:0;padding-right:0;padding-bottom:0;padding-left:0\">\n<figure class=\"wp-block-image size-large is-style-ext-preset--image--natural-1--image-1--content-bottom\"><img loading=\"lazy\" decoding=\"async\" width=\"1024\" height=\"683\" src=\"https:\/\/surfitacare.com\/wp-content\/uploads\/2026\/03\/WhatsApp-Image-2026-03-31-at-2.22.17-PM-2-1024x683.jpeg\" alt=\"\" class=\"wp-image-7455\" style=\"aspect-ratio:1;object-fit:cover\" srcset=\"https:\/\/surfitacare.com\/wp-content\/uploads\/2026\/03\/WhatsApp-Image-2026-03-31-at-2.22.17-PM-2-1024x683.jpeg 1024w, https:\/\/surfitacare.com\/wp-content\/uploads\/2026\/03\/WhatsApp-Image-2026-03-31-at-2.22.17-PM-2-300x200.jpeg 300w, https:\/\/surfitacare.com\/wp-content\/uploads\/2026\/03\/WhatsApp-Image-2026-03-31-at-2.22.17-PM-2-18x12.jpeg 18w, https:\/\/surfitacare.com\/wp-content\/uploads\/2026\/03\/WhatsApp-Image-2026-03-31-at-2.22.17-PM-2.jpeg 1280w\" sizes=\"auto, (max-width: 1024px) 100vw, 1024px\" \/><\/figure>\n<\/div>\n<\/div>\n\n\n\n<p>We partner with the top surf schools in Itacar\u00e9, offering both private and group lessons tailored to your level and the ocean conditions<\/p>\n\n\n\n<p>\u2022\tPremium equipment included \n\u2022\tPhoto and video analysis to accelerate progression \n\u2022\tPersonalized coaching approach<\/p>\n\n\n\n<p class=\"has-text-align-left\">All sessions are led alongside <strong><a href=\"https:\/\/www.instagram.com\/james.matinha?igsh=aXkzNzFnZGQ5ZWgx\" title=\"\">James Matinha<\/a><\/strong>, bahia state surfing champion with deep knowledge of Itacar\u00e9\u2019s coastline \u2014 ensuring better wave selection, faster progression, and a richer experience in the water.<\/p>\n<\/div>\n\n\n\n<div id=\"services\" class=\"wp-block-group pattern_multiple_covers is-vertical is-layout-flex wp-container-core-group-is-layout-f5458bf3 wp-block-group-is-layout-flex\" style=\"padding-right:var(--wp--preset--spacing--small);padding-left:var(--wp--preset--spacing--small)\">\n<h2 class=\"wp-block-heading has-secondary-color has-text-color has-link-color has-large-font-size wp-elements-935e668074311622631dd3271848a75a\">World-Class Beaches, Tailored to You<\/h2>\n\n\n\n<p class=\"has-text-align-left\">Discover the best surf beaches in the region, just minutes from Vila Jubarte! The diverse options allow us to choose our surf destination every day! <\/p>\n\n\n\n<h2 class=\"wp-block-heading\">Itacarezinho Beach<\/h2>\n\n\n\n<p>Pedra Preta, the best reef in Itacar\u00e9!<\/p>\n\n\n\n<figure class=\"wp-block-video\"><video height=\"1080\" style=\"aspect-ratio: 1922 \/ 1080;\" width=\"1922\" controls src=\"https:\/\/surfitacare.com\/wp-content\/uploads\/2026\/04\/itacvarezinho-drone-11-1.mp4\"><\/video><\/figure>\n\n\n\n<h2 class=\"wp-block-heading\">Engenhoca Beach<\/h2>\n\n\n\n<p>where the waves always stay\u2026<\/p>\n\n\n\n<figure class=\"wp-block-video\"><video height=\"1080\" style=\"aspect-ratio: 1908 \/ 1080;\" width=\"1908\" controls src=\"https:\/\/surfitacare.com\/wp-content\/uploads\/2026\/04\/surf-engenhoca.mp4\"><\/video><\/figure>\n\n\n\n<h2 class=\"wp-block-heading\">Pontal Beach <\/h2>\n\n\n\n<p>Where the river meets the sea\u2026<\/p>\n\n\n\n<figure class=\"wp-block-video\"><video height=\"1080\" style=\"aspect-ratio: 1908 \/ 1080;\" width=\"1908\" controls src=\"https:\/\/surfitacare.com\/wp-content\/uploads\/2026\/04\/pontal.mp4\"><\/video><\/figure>\n<\/div>\n\n\n\n<div style=\"height:100px\" aria-hidden=\"true\" class=\"wp-block-spacer\"><\/div>\n\n\n\n<div class=\"wp-block-buttons is-content-justification-center is-layout-flex wp-container-core-buttons-is-layout-a89b3969 wp-block-buttons-is-layout-flex\">\n<div class=\"wp-block-button\"><a class=\"wp-block-button__link wp-element-button\" href=\"https:\/\/surfitacare.com\/en\/prainia\/\">Gallery<\/a><\/div>\n<\/div>\n\n\n\n<h2 class=\"wp-block-heading has-secondary-color has-text-color has-link-color has-large-font-size wp-elements-b0b261ac5e8ad11dd8480ebfe3eaec30\">Vila Jubarte &amp; Beaches<\/h2>\n\n\n\n<div class=\"wp-block-group has-global-padding is-layout-constrained wp-container-core-group-is-layout-3a820303 wp-block-group-is-layout-constrained\" style=\"padding-right:var(--wp--preset--spacing--small);padding-left:var(--wp--preset--spacing--small)\">\n<div class=\"wp-block-group is-layout-flow wp-block-group-is-layout-flow\">\n<figure class=\"wp-block-image size-large\"><img loading=\"lazy\" decoding=\"async\" width=\"1024\" height=\"346\" src=\"https:\/\/surfitacare.com\/wp-content\/uploads\/2025\/09\/Captura-de-pantalla-2025-09-29-114415-1024x346.png\" alt=\"\" class=\"wp-image-7166\" srcset=\"https:\/\/surfitacare.com\/wp-content\/uploads\/2025\/09\/Captura-de-pantalla-2025-09-29-114415-1024x346.png 1024w, https:\/\/surfitacare.com\/wp-content\/uploads\/2025\/09\/Captura-de-pantalla-2025-09-29-114415-300x101.png 300w, https:\/\/surfitacare.com\/wp-content\/uploads\/2025\/09\/Captura-de-pantalla-2025-09-29-114415-950x320.png 950w, https:\/\/surfitacare.com\/wp-content\/uploads\/2025\/09\/Captura-de-pantalla-2025-09-29-114415-18x6.png 18w, https:\/\/surfitacare.com\/wp-content\/uploads\/2025\/09\/Captura-de-pantalla-2025-09-29-114415.png 1329w\" sizes=\"auto, (max-width: 1024px) 100vw, 1024px\" \/><figcaption class=\"wp-element-caption\">Vila Jubarte is located closer to Engenhoca and Itacarezinho beaches<\/figcaption><\/figure>\n\n\n\n<div style=\"height:85px\" aria-hidden=\"true\" class=\"wp-block-spacer\"><\/div>\n\n\n\n<p><\/p>\n<\/div>\n<\/div>\n\n\n\n<div style=\"height:0px\" aria-hidden=\"true\" class=\"wp-block-spacer\"><\/div>\n\n\n\n<p><\/p>","protected":false},"excerpt":{"rendered":"<p>Surf Trip &#8211; Tudo Inclu\u00eddo! Acompanhamos voc\u00ea em cada momento, para que sua estadia seja a mais confort\u00e1vel. Inclu\u00edmos traslados para o aeroporto, para as praias e para os passeios. &hellip; <\/p>\n<p class=\"link-more\"><a href=\"https:\/\/surfitacare.com\/en\/surf-trip\/\" class=\"more-link\">Read more<span class=\"screen-reader-text\"> &#8220;Surf Trip&#8221;<\/span><\/a><\/p>","protected":false},"author":1,"featured_media":0,"parent":0,"menu_order":0,"comment_status":"closed","ping_status":"closed","template":"page-templates\/full-width-transparent.php","meta":{"inspiro_hide_title":false,"footnotes":""},"class_list":["post-5574","page","type-page","status-publish","hentry"],"aioseo_notices":[],"featured_media_urls":[],"_links":{"self":[{"href":"https:\/\/surfitacare.com\/en\/wp-json\/wp\/v2\/pages\/5574","targetHints":{"allow":["GET"]}}],"collection":[{"href":"https:\/\/surfitacare.com\/en\/wp-json\/wp\/v2\/pages"}],"about":[{"href":"https:\/\/surfitacare.com\/en\/wp-json\/wp\/v2\/types\/page"}],"author":[{"embeddable":true,"href":"https:\/\/surfitacare.com\/en\/wp-json\/wp\/v2\/users\/1"}],"replies":[{"embeddable":true,"href":"https:\/\/surfitacare.com\/en\/wp-json\/wp\/v2\/comments?post=5574"}],"version-history":[{"count":81,"href":"https:\/\/surfitacare.com\/en\/wp-json\/wp\/v2\/pages\/5574\/revisions"}],"predecessor-version":[{"id":7960,"href":"https:\/\/surfitacare.com\/en\/wp-json\/wp\/v2\/pages\/5574\/revisions\/7960"}],"wp:attachment":[{"href":"https:\/\/surfitacare.com\/en\/wp-json\/wp\/v2\/media?parent=5574"}],"curies":[{"name":"wp","href":"https:\/\/api.w.org\/{rel}","templated":true}]}}