{"id":7099,"date":"2025-09-25T16:01:29","date_gmt":"2025-09-25T16:01:29","guid":{"rendered":"https:\/\/surfitacare.com\/?page_id=7099"},"modified":"2026-04-11T21:35:14","modified_gmt":"2026-04-11T21:35:14","slug":"vila-jubarte","status":"publish","type":"page","link":"https:\/\/surfitacare.com\/en\/vila-jubarte\/","title":{"rendered":"Vila Jubarte \u2013 Surf Stay in Itacar\u00e9"},"content":{"rendered":"<div class=\"wp-block-group alignfull has-background-background-color has-background is-vertical is-layout-flex wp-container-core-group-is-layout-f2bee41a wp-block-group-is-layout-flex\" style=\"margin-top:0;margin-bottom:0;padding-top:var(--wp--preset--spacing--60);padding-right:var(--wp--preset--spacing--30);padding-bottom:var(--wp--preset--spacing--60);padding-left:var(--wp--preset--spacing--30)\">\n<h2 class=\"wp-block-heading has-secondary-color has-text-color has-link-color has-large-font-size wp-elements-e1b13b196ea209659dee311673e8de71\"><strong>Sustainable Living, Elevated Comfort<\/strong><\/h2>\n\n\n\n<p><br>Vila Jubarte is designed to offer a high-end experience while respecting the environment:\n\n\u2022\tHigh-performance solar energy systems \n\u2022\tBiodigesters reducing environmental impact \n\u2022\tRainwater harvesting and reuse systems<\/p>\n\n\n\n<div class=\"wp-block-columns alignwide is-layout-flex wp-container-core-columns-is-layout-28f84493 wp-block-columns-is-layout-flex\">\n<div class=\"wp-block-column is-layout-flow wp-container-core-column-is-layout-f5bb311e wp-block-column-is-layout-flow\">\n<figure class=\"wp-block-gallery has-nested-images columns-default is-cropped wp-block-gallery-1 is-layout-flex wp-block-gallery-is-layout-flex\">\n<figure class=\"wp-block-image size-large ext-aspect-landscape\"><img loading=\"lazy\" decoding=\"async\" width=\"683\" height=\"1024\" data-id=\"7398\" src=\"https:\/\/surfitacare.com\/wp-content\/uploads\/2026\/03\/AirBrush_20260324205343-683x1024.jpg\" alt=\"\" class=\"wp-image-7398\" style=\"aspect-ratio:1;object-fit:cover\" srcset=\"https:\/\/surfitacare.com\/wp-content\/uploads\/2026\/03\/AirBrush_20260324205343-683x1024.jpg 683w, https:\/\/surfitacare.com\/wp-content\/uploads\/2026\/03\/AirBrush_20260324205343-200x300.jpg 200w, https:\/\/surfitacare.com\/wp-content\/uploads\/2026\/03\/AirBrush_20260324205343-8x12.jpg 8w, https:\/\/surfitacare.com\/wp-content\/uploads\/2026\/03\/AirBrush_20260324205343.jpg 1600w\" sizes=\"auto, (max-width: 683px) 100vw, 683px\" \/><\/figure>\n<\/figure>\n\n\n\n<figure class=\"wp-block-image size-large ext-aspect-landscape\"><img loading=\"lazy\" decoding=\"async\" width=\"1615\" height=\"1614\" src=\"https:\/\/surfitacare.com\/wp-content\/uploads\/2026\/04\/WhatsApp-Image-2026-03-30-at-12.14.20-PM-edited-1.jpeg\" alt=\"\" class=\"wp-image-7588\" style=\"aspect-ratio:16\/9;object-fit:cover\" srcset=\"https:\/\/surfitacare.com\/wp-content\/uploads\/2026\/04\/WhatsApp-Image-2026-03-30-at-12.14.20-PM-edited-1.jpeg 1615w, https:\/\/surfitacare.com\/wp-content\/uploads\/2026\/04\/WhatsApp-Image-2026-03-30-at-12.14.20-PM-edited-1-300x300.jpeg 300w, https:\/\/surfitacare.com\/wp-content\/uploads\/2026\/04\/WhatsApp-Image-2026-03-30-at-12.14.20-PM-edited-1-1024x1024.jpeg 1024w, https:\/\/surfitacare.com\/wp-content\/uploads\/2026\/04\/WhatsApp-Image-2026-03-30-at-12.14.20-PM-edited-1-150x150.jpeg 150w, https:\/\/surfitacare.com\/wp-content\/uploads\/2026\/04\/WhatsApp-Image-2026-03-30-at-12.14.20-PM-edited-1-12x12.jpeg 12w\" sizes=\"auto, (max-width: 1615px) 100vw, 1615px\" \/><\/figure>\n<\/div>\n\n\n\n<div class=\"wp-block-column is-layout-flow wp-container-core-column-is-layout-f5bb311e wp-block-column-is-layout-flow\">\n<figure class=\"wp-block-image size-large ext-aspect-landscape\"><img loading=\"lazy\" decoding=\"async\" width=\"683\" height=\"1024\" src=\"https:\/\/surfitacare.com\/wp-content\/uploads\/2026\/03\/AirBrush_20260324214023-683x1024.jpg\" alt=\"\" class=\"wp-image-7400\" style=\"aspect-ratio:16\/9;object-fit:cover\" srcset=\"https:\/\/surfitacare.com\/wp-content\/uploads\/2026\/03\/AirBrush_20260324214023-683x1024.jpg 683w, https:\/\/surfitacare.com\/wp-content\/uploads\/2026\/03\/AirBrush_20260324214023-200x300.jpg 200w, https:\/\/surfitacare.com\/wp-content\/uploads\/2026\/03\/AirBrush_20260324214023-8x12.jpg 8w, https:\/\/surfitacare.com\/wp-content\/uploads\/2026\/03\/AirBrush_20260324214023.jpg 1600w\" sizes=\"auto, (max-width: 683px) 100vw, 683px\" \/><\/figure>\n\n\n\n<figure class=\"wp-block-image size-large ext-aspect-landscape\"><img loading=\"lazy\" decoding=\"async\" width=\"683\" height=\"1024\" src=\"https:\/\/surfitacare.com\/wp-content\/uploads\/2026\/04\/AirBrush_20260327173938-683x1024.jpg\" alt=\"\" class=\"wp-image-7637\" style=\"aspect-ratio:1;object-fit:cover\" srcset=\"https:\/\/surfitacare.com\/wp-content\/uploads\/2026\/04\/AirBrush_20260327173938-683x1024.jpg 683w, https:\/\/surfitacare.com\/wp-content\/uploads\/2026\/04\/AirBrush_20260327173938-200x300.jpg 200w, https:\/\/surfitacare.com\/wp-content\/uploads\/2026\/04\/AirBrush_20260327173938-8x12.jpg 8w, https:\/\/surfitacare.com\/wp-content\/uploads\/2026\/04\/AirBrush_20260327173938.jpg 1463w\" sizes=\"auto, (max-width: 683px) 100vw, 683px\" \/><\/figure>\n<\/div>\n<\/div>\n<\/div>\n\n\n\n<h2 class=\"wp-block-heading has-text-align-center\">Book your stay on Airbnb<\/h2>\n\n\n\n<div class=\"wp-block-group alignfull has-background-background-color has-background has-global-padding is-layout-constrained wp-container-core-group-is-layout-7276a2bb wp-block-group-is-layout-constrained\" style=\"margin-top:0;margin-bottom:0;padding-top:var(--wp--preset--spacing--60);padding-right:var(--wp--preset--spacing--30);padding-bottom:var(--wp--preset--spacing--60);padding-left:var(--wp--preset--spacing--30)\">\n<div class=\"wp-block-buttons is-content-justification-center is-layout-flex wp-container-core-buttons-is-layout-a89b3969 wp-block-buttons-is-layout-flex\">\n<div class=\"wp-block-button\"><a class=\"wp-block-button__link wp-element-button\" href=\"\/en\/Stay at Vila Jubarte\/\">Stay at Vila Jubarte<\/a><\/div>\n<\/div>\n\n\n\n<p class=\"has-text-align-center\"><\/p>\n\n\n\n<h2 class=\"wp-block-heading has-text-align-center\">A Unique Connection to Nature<\/h2>\n\n\n\n<p class=\"has-text-align-center\">Live immersed in the Atlantic Forest, surrounded by tropical landscapes, fresh air, and total tranquility.<\/p>\n\n\n\n<h2 class=\"wp-block-heading has-text-align-center\">Sustainability Meets Comfort<\/h2>\n\n\n\n<p class=\"has-text-align-center\">Modern amenities are seamlessly integrated with eco-conscious design.<\/p>\n\n\n\n<h2 class=\"wp-block-heading has-text-align-center\">An Unforgettable Stay<\/h2>\n\n\n\n<p class=\"has-text-align-center\">A refined retreat where architecture and nature come together to create a sense of balance, peace, and well-being.<\/p>\n\n\n\n<div class=\"wp-block-columns is-layout-flex wp-container-core-columns-is-layout-28f84493 wp-block-columns-is-layout-flex\">\n<div class=\"wp-block-column is-layout-flow wp-block-column-is-layout-flow\">\n<figure class=\"wp-block-image aligncenter size-full is-resized\"><a href=\"https:\/\/www.facebook.com\/profile.php?id=100089275670068\"><img loading=\"lazy\" decoding=\"async\" width=\"1024\" height=\"1024\" src=\"https:\/\/surfitacare.com\/wp-content\/uploads\/2026\/03\/ChatGPT-Image-31-mar-2026-03_18_46-p.m.png\" alt=\"\" class=\"wp-image-7473\" style=\"width:56px;height:auto\" srcset=\"https:\/\/surfitacare.com\/wp-content\/uploads\/2026\/03\/ChatGPT-Image-31-mar-2026-03_18_46-p.m.png 1024w, https:\/\/surfitacare.com\/wp-content\/uploads\/2026\/03\/ChatGPT-Image-31-mar-2026-03_18_46-p.m-300x300.png 300w, https:\/\/surfitacare.com\/wp-content\/uploads\/2026\/03\/ChatGPT-Image-31-mar-2026-03_18_46-p.m-150x150.png 150w, https:\/\/surfitacare.com\/wp-content\/uploads\/2026\/03\/ChatGPT-Image-31-mar-2026-03_18_46-p.m-12x12.png 12w\" sizes=\"auto, (max-width: 1024px) 100vw, 1024px\" \/><\/a><\/figure>\n<\/div>\n\n\n\n<div class=\"wp-block-column is-layout-flow wp-block-column-is-layout-flow\">\n<figure class=\"wp-block-image aligncenter size-full is-resized\"><a href=\"https:\/\/www.instagram.com\/vilajubarte?igsh=Z3FxenV4dzg4Y213\"><img loading=\"lazy\" decoding=\"async\" width=\"1024\" height=\"1024\" src=\"https:\/\/surfitacare.com\/wp-content\/uploads\/2026\/03\/ChatGPT-Image-31-mar-2026-03_15_39-p.m.png\" alt=\"\" class=\"wp-image-7472\" style=\"width:52px;height:auto\" srcset=\"https:\/\/surfitacare.com\/wp-content\/uploads\/2026\/03\/ChatGPT-Image-31-mar-2026-03_15_39-p.m.png 1024w, https:\/\/surfitacare.com\/wp-content\/uploads\/2026\/03\/ChatGPT-Image-31-mar-2026-03_15_39-p.m-300x300.png 300w, https:\/\/surfitacare.com\/wp-content\/uploads\/2026\/03\/ChatGPT-Image-31-mar-2026-03_15_39-p.m-150x150.png 150w, https:\/\/surfitacare.com\/wp-content\/uploads\/2026\/03\/ChatGPT-Image-31-mar-2026-03_15_39-p.m-12x12.png 12w\" sizes=\"auto, (max-width: 1024px) 100vw, 1024px\" \/><\/a><\/figure>\n<\/div>\n<\/div>\n<\/div>\n\n\n\n<p><\/p>","protected":false},"excerpt":{"rendered":"<p>Viva uma experi\u00eancia autossustent\u00e1vel Nossas resid\u00eancias s\u00e3o equipadas com sistemas de energia solar de alto desempenho e biodigestores que ajudam a reduzir o impacto ambiental. Tamb\u00e9m utilizamos sistemas de capta\u00e7\u00e3o &hellip; <\/p>\n<p class=\"link-more\"><a href=\"https:\/\/surfitacare.com\/en\/vila-jubarte\/\" class=\"more-link\">Read more<span class=\"screen-reader-text\"> &#8220;Vila Jubarte&#8221;<\/span><\/a><\/p>","protected":false},"author":1,"featured_media":0,"parent":0,"menu_order":0,"comment_status":"closed","ping_status":"closed","template":"","meta":{"inspiro_hide_title":false,"footnotes":""},"class_list":["post-7099","page","type-page","status-publish","hentry"],"aioseo_notices":[],"featured_media_urls":[],"_links":{"self":[{"href":"https:\/\/surfitacare.com\/en\/wp-json\/wp\/v2\/pages\/7099","targetHints":{"allow":["GET"]}}],"collection":[{"href":"https:\/\/surfitacare.com\/en\/wp-json\/wp\/v2\/pages"}],"about":[{"href":"https:\/\/surfitacare.com\/en\/wp-json\/wp\/v2\/types\/page"}],"author":[{"embeddable":true,"href":"https:\/\/surfitacare.com\/en\/wp-json\/wp\/v2\/users\/1"}],"replies":[{"embeddable":true,"href":"https:\/\/surfitacare.com\/en\/wp-json\/wp\/v2\/comments?post=7099"}],"version-history":[{"count":65,"href":"https:\/\/surfitacare.com\/en\/wp-json\/wp\/v2\/pages\/7099\/revisions"}],"predecessor-version":[{"id":7947,"href":"https:\/\/surfitacare.com\/en\/wp-json\/wp\/v2\/pages\/7099\/revisions\/7947"}],"wp:attachment":[{"href":"https:\/\/surfitacare.com\/en\/wp-json\/wp\/v2\/media?parent=7099"}],"curies":[{"name":"wp","href":"https:\/\/api.w.org\/{rel}","templated":true}]}}