{"id":7590,"date":"2026-04-02T16:38:01","date_gmt":"2026-04-02T16:38:01","guid":{"rendered":"https:\/\/surfitacare.com\/?page_id=7590"},"modified":"2026-04-02T16:53:14","modified_gmt":"2026-04-02T16:53:14","slug":"galeria-de-cacao","status":"publish","type":"page","link":"https:\/\/surfitacare.com\/en\/galeria-de-cacao\/","title":{"rendered":"Galer\u00eda de Cacao"},"content":{"rendered":"<div class=\"wp-block-group alignfull is-style-ext-preset--group--natural-1--section has-background-background-color has-background has-global-padding is-layout-constrained wp-container-core-group-is-layout-f72f1611 wp-block-group-is-layout-constrained\" style=\"margin-top:0;margin-bottom:0;padding-top:var(--wp--preset--spacing--70);padding-bottom:var(--wp--preset--spacing--70)\">\n<div class=\"wp-block-group alignwide ext-is-logical-start has-global-padding is-content-justification-left is-layout-constrained wp-container-core-group-is-layout-6729bdbe wp-block-group-is-layout-constrained\">\n<h2 class=\"wp-block-heading ext-animate--on\">Descubre la esencia del cacao en cada imagen.<\/h2>\n\n\n\n<p class=\"has-text-align-left ext-animate--on\">Aqu\u00ed encontrar\u00e1s fotograf\u00edas que reflejan la riqueza cultural y natural de las fazendas de cacao.<\/p>\n<\/div>\n\n\n\n<div class=\"wp-block-columns alignwide are-vertically-aligned-top is-layout-flex wp-container-core-columns-is-layout-87beb0d0 wp-block-columns-is-layout-flex\">\n<div class=\"wp-block-column is-vertically-aligned-top ext-animate--on is-layout-flow wp-container-core-column-is-layout-f5bb311e wp-block-column-is-layout-flow\">\n<figure class=\"wp-block-image size-large is-style-ext-preset--image--natural-1--image-1--content-bottom\"><img loading=\"lazy\" decoding=\"async\" width=\"1024\" height=\"768\" src=\"https:\/\/surfitacare.com\/wp-content\/uploads\/2026\/04\/20220619_094311-1024x768.jpg\" alt=\"\" class=\"wp-image-7591\" style=\"aspect-ratio:1;object-fit:cover\" srcset=\"https:\/\/surfitacare.com\/wp-content\/uploads\/2026\/04\/20220619_094311-1024x768.jpg 1024w, https:\/\/surfitacare.com\/wp-content\/uploads\/2026\/04\/20220619_094311-300x225.jpg 300w, https:\/\/surfitacare.com\/wp-content\/uploads\/2026\/04\/20220619_094311-2000x1500.jpg 2000w, https:\/\/surfitacare.com\/wp-content\/uploads\/2026\/04\/20220619_094311-scaled-16x12.jpg 16w\" sizes=\"auto, (max-width: 1024px) 100vw, 1024px\" \/><\/figure>\n\n\n\n<figure class=\"wp-block-image is-style-ext-preset--image--natural-1--image-1--content-bottom\"><img loading=\"lazy\" decoding=\"async\" width=\"960\" height=\"1440\" class=\"wp-image-7600\" src=\"https:\/\/surfitacare.com\/wp-content\/uploads\/2026\/04\/bbd88e5f25ec18eee4849a3e0e078882b3aaa55e.jpg\" alt=\"\" style=\"aspect-ratio:1;object-fit:cover\" srcset=\"https:\/\/surfitacare.com\/wp-content\/uploads\/2026\/04\/bbd88e5f25ec18eee4849a3e0e078882b3aaa55e.jpg 960w, https:\/\/surfitacare.com\/wp-content\/uploads\/2026\/04\/bbd88e5f25ec18eee4849a3e0e078882b3aaa55e-200x300.jpg 200w, https:\/\/surfitacare.com\/wp-content\/uploads\/2026\/04\/bbd88e5f25ec18eee4849a3e0e078882b3aaa55e-683x1024.jpg 683w, https:\/\/surfitacare.com\/wp-content\/uploads\/2026\/04\/bbd88e5f25ec18eee4849a3e0e078882b3aaa55e-8x12.jpg 8w\" sizes=\"auto, (max-width: 960px) 100vw, 960px\" \/><\/figure>\n<\/div>\n\n\n\n<div class=\"wp-block-column is-vertically-aligned-top ext-animate--on is-layout-flow wp-container-core-column-is-layout-f5bb311e wp-block-column-is-layout-flow\">\n<figure class=\"wp-block-image size-large is-style-ext-preset--image--natural-1--image-1--content-bottom\"><img loading=\"lazy\" decoding=\"async\" width=\"1024\" height=\"768\" src=\"https:\/\/surfitacare.com\/wp-content\/uploads\/2026\/04\/20220619_101203-1024x768.jpg\" alt=\"\" class=\"wp-image-7592\" style=\"aspect-ratio:1;object-fit:cover\" srcset=\"https:\/\/surfitacare.com\/wp-content\/uploads\/2026\/04\/20220619_101203-1024x768.jpg 1024w, https:\/\/surfitacare.com\/wp-content\/uploads\/2026\/04\/20220619_101203-300x225.jpg 300w, https:\/\/surfitacare.com\/wp-content\/uploads\/2026\/04\/20220619_101203-2000x1500.jpg 2000w, https:\/\/surfitacare.com\/wp-content\/uploads\/2026\/04\/20220619_101203-scaled-16x12.jpg 16w\" sizes=\"auto, (max-width: 1024px) 100vw, 1024px\" \/><\/figure>\n\n\n\n<figure class=\"wp-block-image is-style-ext-preset--image--natural-1--image-1--content-bottom\"><img loading=\"lazy\" decoding=\"async\" width=\"1080\" height=\"1440\" class=\"wp-image-7601\" src=\"https:\/\/surfitacare.com\/wp-content\/uploads\/2026\/04\/e12d79c4251728efb4eb917a0d7ea72d6ae5ac91.jpg\" alt=\"\" style=\"aspect-ratio:1;object-fit:cover\" srcset=\"https:\/\/surfitacare.com\/wp-content\/uploads\/2026\/04\/e12d79c4251728efb4eb917a0d7ea72d6ae5ac91.jpg 1080w, https:\/\/surfitacare.com\/wp-content\/uploads\/2026\/04\/e12d79c4251728efb4eb917a0d7ea72d6ae5ac91-225x300.jpg 225w, https:\/\/surfitacare.com\/wp-content\/uploads\/2026\/04\/e12d79c4251728efb4eb917a0d7ea72d6ae5ac91-768x1024.jpg 768w, https:\/\/surfitacare.com\/wp-content\/uploads\/2026\/04\/e12d79c4251728efb4eb917a0d7ea72d6ae5ac91-9x12.jpg 9w\" sizes=\"auto, (max-width: 1080px) 100vw, 1080px\" \/><\/figure>\n<\/div>\n\n\n\n<div class=\"wp-block-column is-vertically-aligned-top ext-animate--on is-layout-flow wp-container-core-column-is-layout-f5bb311e wp-block-column-is-layout-flow\">\n<figure class=\"wp-block-image size-large is-style-ext-preset--image--natural-1--image-1--content-bottom\"><img loading=\"lazy\" decoding=\"async\" width=\"1024\" height=\"768\" src=\"https:\/\/surfitacare.com\/wp-content\/uploads\/2026\/04\/20220619_104053-1024x768.jpg\" alt=\"\" class=\"wp-image-7595\" style=\"aspect-ratio:1;object-fit:cover\" srcset=\"https:\/\/surfitacare.com\/wp-content\/uploads\/2026\/04\/20220619_104053-1024x768.jpg 1024w, https:\/\/surfitacare.com\/wp-content\/uploads\/2026\/04\/20220619_104053-300x225.jpg 300w, https:\/\/surfitacare.com\/wp-content\/uploads\/2026\/04\/20220619_104053-2000x1500.jpg 2000w, https:\/\/surfitacare.com\/wp-content\/uploads\/2026\/04\/20220619_104053-scaled-16x12.jpg 16w\" sizes=\"auto, (max-width: 1024px) 100vw, 1024px\" \/><\/figure>\n\n\n\n<figure class=\"wp-block-image is-style-ext-preset--image--natural-1--image-1--content-bottom\"><img loading=\"lazy\" decoding=\"async\" width=\"1440\" height=\"933\" class=\"wp-image-7602\" src=\"https:\/\/surfitacare.com\/wp-content\/uploads\/2026\/04\/3e9d9b517994e9122b9aeececf5f78b95a0c963e.jpg\" alt=\"\" style=\"aspect-ratio:1;object-fit:cover\" srcset=\"https:\/\/surfitacare.com\/wp-content\/uploads\/2026\/04\/3e9d9b517994e9122b9aeececf5f78b95a0c963e.jpg 1440w, https:\/\/surfitacare.com\/wp-content\/uploads\/2026\/04\/3e9d9b517994e9122b9aeececf5f78b95a0c963e-300x194.jpg 300w, https:\/\/surfitacare.com\/wp-content\/uploads\/2026\/04\/3e9d9b517994e9122b9aeececf5f78b95a0c963e-1024x663.jpg 1024w, https:\/\/surfitacare.com\/wp-content\/uploads\/2026\/04\/3e9d9b517994e9122b9aeececf5f78b95a0c963e-18x12.jpg 18w\" sizes=\"auto, (max-width: 1440px) 100vw, 1440px\" \/><\/figure>\n<\/div>\n<\/div>\n<\/div>\n\n\n\n<p><\/p>","protected":false},"excerpt":{"rendered":"<p>Descubre la esencia del cacao en cada imagen. Aqu\u00ed encontrar\u00e1s fotograf\u00edas que reflejan la riqueza cultural y natural de las fazendas de cacao.<\/p>","protected":false},"author":1,"featured_media":0,"parent":0,"menu_order":0,"comment_status":"closed","ping_status":"closed","template":"","meta":{"inspiro_hide_title":false,"footnotes":""},"class_list":["post-7590","page","type-page","status-publish","hentry"],"aioseo_notices":[],"featured_media_urls":[],"_links":{"self":[{"href":"https:\/\/surfitacare.com\/en\/wp-json\/wp\/v2\/pages\/7590","targetHints":{"allow":["GET"]}}],"collection":[{"href":"https:\/\/surfitacare.com\/en\/wp-json\/wp\/v2\/pages"}],"about":[{"href":"https:\/\/surfitacare.com\/en\/wp-json\/wp\/v2\/types\/page"}],"author":[{"embeddable":true,"href":"https:\/\/surfitacare.com\/en\/wp-json\/wp\/v2\/users\/1"}],"replies":[{"embeddable":true,"href":"https:\/\/surfitacare.com\/en\/wp-json\/wp\/v2\/comments?post=7590"}],"version-history":[{"count":2,"href":"https:\/\/surfitacare.com\/en\/wp-json\/wp\/v2\/pages\/7590\/revisions"}],"predecessor-version":[{"id":7603,"href":"https:\/\/surfitacare.com\/en\/wp-json\/wp\/v2\/pages\/7590\/revisions\/7603"}],"wp:attachment":[{"href":"https:\/\/surfitacare.com\/en\/wp-json\/wp\/v2\/media?parent=7590"}],"curies":[{"name":"wp","href":"https:\/\/api.w.org\/{rel}","templated":true}]}}